{"id":1712,"date":"2024-06-06T12:06:41","date_gmt":"2024-06-06T16:06:41","guid":{"rendered":"https:\/\/www.equipe-sp.fse.ulaval.ca\/publications\/chapitres-de-livres\/"},"modified":"2024-06-06T15:45:52","modified_gmt":"2024-06-06T19:45:52","slug":"chapitres-de-livres","status":"publish","type":"page","link":"https:\/\/www.equipe-sp.fse.ulaval.ca\/en\/publications\/chapitres-de-livres\/","title":{"rendered":"Books chapters"},"content":{"rendered":"\n<section class=\"wp-block-csrtcommun-gutenberg-block-bloc-strate  strate bg-undefined\" aria-label=\"\"><div class=\"strate-contenu\">\n<div class=\"wp-block-csrtcommun-gutenberg-block-bloc-largeur-3-4 bloc-largeur-3-4__wrapper\">\n<p>Vertommen, T., &amp;&nbsp;<strong>Parent, S.<\/strong>&nbsp;Measuring the prevalence of interpersonal violence against children in sport. (2021). In Lang, M. (Ed.)&nbsp;<em>Routledge Handbook of Athlete Welfare<\/em>(pp.385-395). Routledge.<\/p>\n\n\n\n<p><strong>Parent, S.<\/strong>, Kotiuga, J., Vertommen, T., &amp; Fortier, K. (2021). Exploring the links between self-directed violence and child maltreatment and bullying in sport. In Lang, M. (Ed.)&nbsp;<em>Routledge Handbook of Athlete Welfare<\/em>&nbsp;(pp.128-138).&nbsp;Routledge.<\/p>\n\n\n\n<p><strong>Parent, S.,<\/strong>&nbsp;&amp; D\u2019Amours, C. (2019).&nbsp;<em>L\u2019intimidation en sport.<\/em>Trousse medias sur l\u2019intimidation. Institut national de sant\u00e9 publique du Qu\u00e9bec (INSPQ).&nbsp;<a href=\"https:\/\/www.inspq.qc.ca\/intimidation\/jeunes\/intimidation-en-contexte-sportif\">https:\/\/www.inspq.qc.ca\/intimidation\/jeunes\/intimidation-en-contexte-sportif<\/a><\/p>\n\n\n\n<p><strong>Parent, S.,<\/strong>&nbsp;Vaillancourt-Morel, M-P., &amp; Corneau, M. (2018).&nbsp;<em>Capsule infographique #5 : La violence sexuelle en contexte sportif.<\/em>&nbsp;Centre de recherche interdisciplinaire sur les probl\u00e8mes conjugaux et les agressions sexuelles (CRIPCAS), Universit\u00e9 de Montr\u00e9al, Montr\u00e9al, Qu\u00e9bec.<\/p>\n\n\n\n<p>Bergeron, M., H\u00e9bert, M., Ricci, S., Goyer, M.-F., Duhamel, N., Kurtzman, L., Auclair, I., Clennett-Sirois, L., Daigneault, I., Damant, D., Demers, S., Dion, J., Lavoie, F., Paquette, G., &amp;&nbsp;<strong>Parent, S.<\/strong>&nbsp;(2018). Les principaux constats de l\u2019enqu\u00eate ESSIMU portant sur la violence sexuelle en milieu universitaire au Qu\u00e9bec. Dans Bergheul, S., &amp; Fernet, M. (Eds.).&nbsp;<em>Les violences \u00e0 caract\u00e8re sexuelle: Repr\u00e9sentations sociales, accompagnement, pr\u00e9vention.<\/em>&nbsp;Qu\u00e9bec: Presses de l\u2019Universit\u00e9 du Qu\u00e9bec. Pp.207-234.<\/p>\n\n\n\n<p><strong>Parent, S.,<\/strong>&nbsp;&amp; Fortier, K. (2018). Violence envers les athl\u00e8tes dans le contexte sportif<em>.<\/em>&nbsp;<em>Rapport qu\u00e9b\u00e9cois sur la violence et la sant\u00e9<\/em>. Institut national de sant\u00e9 publique du Qu\u00e9bec (INSPQ).&nbsp;<a href=\"https:\/\/www.inspq.qc.ca\/sites\/default\/files\/publications\/2380_chapitre-8.pdf\">https:\/\/www.inspq.qc.ca\/sites\/default\/files\/publications\/2380_chapitre-8.pdf<\/a>, pp.229-254<\/p>\n\n\n\n<p>Lavoie, F.,&nbsp;<strong>Parent, S.,<\/strong>&nbsp;&amp; Auclair, I. (2018). Le RNAE-22&nbsp;: Questionnaire des R\u00e9actions nuisibles et aidantes de l\u2019entourage lors d\u2019un d\u00e9voilement de violence \u00e0 caract\u00e8re sexuel ou de harc\u00e8lement sexuel&nbsp;: Adaptation francophone du Social Reaction Questionnaire \u2013&nbsp;<em>Shortened version<\/em>&nbsp;(Ullman, Relyea, Sigurvinsdottir, &amp; Bennett, in press).&nbsp;<em>Capsule de mesure, rep\u00e9r\u00e9e \u00e0<\/em><a href=\"http:\/\/martinehebert.uqam.ca\/fr\/evissa\/outils-de-diffusion.html\">&nbsp;http:\/\/martinehebert.uqam.ca\/fr\/evissa\/outils-de-diffusion.html<\/a>.<\/p>\n\n\n\n<p>Lavoie, F.,&nbsp;<strong>Parent, S.,<\/strong>&nbsp;&amp; Auclair, I. (2017).&nbsp;<em>Violences sexuelles en milieu universitaire, r\u00e9sultats de l\u2019Enqu\u00eate Sexualit\u00e9, S\u00e9curit\u00e9 et Interactions en Milieu Universitaire<\/em>&nbsp;<em>(ESSIMU)&nbsp;: Portrait de la situation \u00e0 l\u2019Universit\u00e9 Laval<\/em>. Universit\u00e9 Laval.<\/p>\n\n\n\n<p>Bergeron, M., H\u00e9bert, M., Ricci, S., Goyer, M.-F., Duhamel, N., Kurtzman, L., Auclair, I., Clennet-Sirois, L., Daigneault, I., Damant, D., Demers, S., Dion, J., Lavoie, F., Paquette, G. et&nbsp;<strong>Parent, S.<\/strong>&nbsp;(2016).&nbsp;<em>Violences sexuelles en milieu universitaire au Qu\u00e9bec: Rapport de recherche de l\u2019enqu\u00eate ESSIMU<\/em>. Montr\u00e9al: Universit\u00e9 du Qu\u00e9bec \u00e0 Montr\u00e9al.<\/p>\n\n\n\n<p>Bergeron, M., H\u00e9bert, M., Ricci, S., Goyer, M.-F., Duhamel, N., Kurtzman, L., Auclair, I., Clennett-Sirois, L., Daigneault, I., Damant, D., Demers, S., Dion, J., Lavoie, F., Paquette, G., &amp;&nbsp;<strong>Parent, S.<\/strong>&nbsp;(2016).&nbsp;<em>Violences sexuelles en milieu universitaire au Qu\u00e9bec&nbsp;: principaux constats et propositions d\u2019action<\/em>. M\u00e9moire pr\u00e9sent\u00e9 au Comit\u00e9 permanent de la condition f\u00e9minine.<\/p>\n\n\n\n<p><strong>Parent, S.<\/strong>&nbsp;(2016).&nbsp;<em>La violence interpersonnelle envers les jeunes dans le contexte sportif<\/em>. Capsule Web. Institut national de sant\u00e9 publique (INSPQ).&nbsp;<a href=\"https:\/\/www.inspq.qc.ca\/violence\/dossiers\/violence-interpersonnelle-chez-les-jeunes-en-contexte-sportif\">https:\/\/www.inspq.qc.ca\/violence\/dossiers\/violence-interpersonnelle-chez-les-jeunes-en-contexte-sportif<\/a><\/p>\n\n\n\n<p><strong>Parent, S<\/strong>., P\u00e9pin-Gagn\u00e9, J., &amp; Fortier, K. (2016). La violence envers les jeunes dans le sport. Dans Lapierre, S., Lessard, G., &amp; Hamelin-Brabant, L. (Eds).&nbsp;<em>Les violences dans la vie des enfants et des adolescents&nbsp;: enjeux th\u00e9oriques, m\u00e9thodologiques et sociaux.<\/em>&nbsp;Qu\u00e9bec: Presses de l\u2019Universit\u00e9 du Qu\u00e9bec (pp.91-104).<\/p>\n\n\n\n<p>Valois, P., Goulet, C., Blouin, P., Dionne, S., Guay, F., Drapeau, V., &amp;&nbsp;<strong>Parent, S.<\/strong>&nbsp;(2016). Une d\u00e9marche d\u2019\u00e9laboration de formation aupr\u00e8s d\u2019entra\u00eeneurs pour intervenir sur l\u2019antidopage aupr\u00e8s des joueurs. Dans Hauw, D. (Ed).&nbsp;<em>Psychologie du dopage<\/em>. Belgique: De Boeck (pp.263-286).<\/p>\n<\/div>\n<div class=\"clearFix\"><\/div><\/div><\/section>\n","protected":false},"excerpt":{"rendered":"","protected":false},"author":27,"featured_media":0,"parent":566,"menu_order":0,"comment_status":"closed","ping_status":"closed","template":"page-secondaire-pleine-page.php","meta":{"_acf_changed":false,"footnotes":""},"class_list":["post-1712","page","type-page","status-publish","hentry"],"acf":[],"_links":{"self":[{"href":"https:\/\/www.equipe-sp.fse.ulaval.ca\/en\/wp-json\/wp\/v2\/pages\/1712","targetHints":{"allow":["GET"]}}],"collection":[{"href":"https:\/\/www.equipe-sp.fse.ulaval.ca\/en\/wp-json\/wp\/v2\/pages"}],"about":[{"href":"https:\/\/www.equipe-sp.fse.ulaval.ca\/en\/wp-json\/wp\/v2\/types\/page"}],"author":[{"embeddable":true,"href":"https:\/\/www.equipe-sp.fse.ulaval.ca\/en\/wp-json\/wp\/v2\/users\/27"}],"replies":[{"embeddable":true,"href":"https:\/\/www.equipe-sp.fse.ulaval.ca\/en\/wp-json\/wp\/v2\/comments?post=1712"}],"version-history":[{"count":1,"href":"https:\/\/www.equipe-sp.fse.ulaval.ca\/en\/wp-json\/wp\/v2\/pages\/1712\/revisions"}],"predecessor-version":[{"id":1714,"href":"https:\/\/www.equipe-sp.fse.ulaval.ca\/en\/wp-json\/wp\/v2\/pages\/1712\/revisions\/1714"}],"up":[{"embeddable":true,"href":"https:\/\/www.equipe-sp.fse.ulaval.ca\/en\/wp-json\/wp\/v2\/pages\/566"}],"wp:attachment":[{"href":"https:\/\/www.equipe-sp.fse.ulaval.ca\/en\/wp-json\/wp\/v2\/media?parent=1712"}],"curies":[{"name":"wp","href":"https:\/\/api.w.org\/{rel}","templated":true}]}}