{"id":1717,"date":"2024-06-06T12:10:33","date_gmt":"2024-06-06T16:10:33","guid":{"rendered":"https:\/\/www.equipe-sp.fse.ulaval.ca\/publications\/medias\/"},"modified":"2024-06-06T15:48:51","modified_gmt":"2024-06-06T19:48:51","slug":"medias","status":"publish","type":"page","link":"https:\/\/www.equipe-sp.fse.ulaval.ca\/en\/publications\/medias\/","title":{"rendered":"M\u00e9dia"},"content":{"rendered":"\n<section class=\"wp-block-csrtcommun-gutenberg-block-bloc-strate  strate bg-undefined\" aria-label=\"\"><div class=\"strate-contenu\">\n<div class=\"wp-block-csrtcommun-gutenberg-block-bloc-largeur-3-4 bloc-largeur-3-4__wrapper\">\n<p>February 14, 2023.&nbsp;<em><a rel=\"noreferrer noopener\" href=\"https:\/\/ici.radio-canada.ca\/tele\/le-telejournal-quebec\/site\/segments\/reportage\/432567\/bruno-savard-sylvie-parent-proteger-jeunes-athletes\" target=\"_blank\">Comment prot\u00e9ger les jeunes athl\u00e8tes ?<\/a>&nbsp;<\/em>[Journalistic interview \u2013 Television]. (In French)<\/p>\n\n\n\n<p>May 7, 2022.&nbsp;<em><a rel=\"noreferrer noopener\" href=\"https:\/\/www.ledevoir.com\/societe\/sante\/707046\/prevenir-les-abus-et-les-troubles-de-sante-mentale-chez-les-athletes\" target=\"_blank\">Pr\u00e9venir les abus et les troubles de sant\u00e9 mentale chez les athl\u00e8tes<\/a><\/em>&nbsp;[Article]. (In French)<\/p>\n\n\n\n<p>February 6, 2022.&nbsp;<a rel=\"noreferrer noopener\" href=\"https:\/\/ici.radio-canada.ca\/nouvelle\/1859489\/jo-olympique-sport-psychologie\" target=\"_blank\"><em>Gagner, \u00e0 quel prix?<\/em><\/a>&nbsp;[Article]. (In French)<\/p>\n\n\n\n<p>February 6, 2022.&nbsp;<a rel=\"noreferrer noopener\" href=\"https:\/\/ici.radio-canada.ca\/tele\/decouverte\/site\/segments\/reportage\/389342\/sport-competition-violence-athlete-decouverte\" target=\"_blank\"><em>Entre le podium et le gouffre<\/em><\/a>&nbsp;[\u00c9pisode]. (In French)<\/p>\n\n\n\n<p>February 4, 2022.&nbsp;<em><a rel=\"noreferrer noopener\" href=\"https:\/\/www.lapresse.ca\/actualites\/justice-et-faits-divers\/2022-02-04\/entraineurs-accuses-de-crimes-sexuels\/c-etait-un-climat-hyper-nocif.php\" target=\"_blank\">\u00ab&nbsp;C\u2019\u00e9tait un climat hyper nocif&nbsp;\u00bb<\/a><\/em>&nbsp;[Article]. (In French)<\/p>\n\n\n\n<p>February 3, 2022.&nbsp;<em><a rel=\"noreferrer noopener\" href=\"https:\/\/www.noovo.info\/video\/agressions-sexuelles-pourquoi-les-eleves-ont-attendu-aussi-longtemps-avant-de-denoncer.html\" target=\"_blank\">Agressions sexuelles : Pourquoi les \u00e9l\u00e8ves ont attendu aussi longtemps avant de d\u00e9noncer?<\/a>&nbsp;<\/em>[\u00c9pisode et article]. (In French)<\/p>\n\n\n\n<p>February 2, 2022.&nbsp;<em><a rel=\"noreferrer noopener\" href=\"https:\/\/nouvelles.ulaval.ca\/2022\/02\/02\/pour-faire-face-a-la-violence-dans-les-sports-d0534eec31f9a1858a36376de8e610c7?sourceOrganizationKey=ulaval\" target=\"_blank\">Pour faire face \u00e0 la violence dans les sports<\/a><\/em>&nbsp;[Article]. (In French)<\/p>\n\n\n\n<p>June 29, 2021.&nbsp;<em><a rel=\"noreferrer noopener\" href=\"https:\/\/nouvelles.ulaval.ca\/2021\/06\/29\/une-violence-dabord-et-avant-tout-verbale-1007cf2213ca60b53bea07f1b5033e3b?sourceOrganizationKey=ulaval\" target=\"_blank\">Une violence d\u2019abord et avant tout verbale<\/a><\/em>&nbsp;[Article]. (In French)<\/p>\n\n\n\n<p>May 4, 2021.&nbsp;<em><a rel=\"noreferrer noopener\" href=\"https:\/\/www.fm1047.ca\/audio\/392524\/une-etude-sur-les-arbitres-qui-se-font-insulter-menacer-par-les-parents-et-les-entraineurs-sylvie-parent-est-titulaire-de-la-chaire-de-recherche-securite-et-integrite-en-milieu-sportif-a-luniversite-laval\" target=\"_blank\">Une \u00e9tude sur les arbitres qui se font insulter, menacer par les parents et les entra\u00eeneurs&nbsp;<\/a><\/em>[Entrevue radio]. (In French)<\/p>\n\n\n\n<p>May 3, 2021.&nbsp;<em><a rel=\"noreferrer noopener\" href=\"https:\/\/www.ledevoir.com\/sports\/599949\/quebec-une-nouvelle-etude-met-en-lumiere-la-violence-envers-les-jeunes-arbitres\" target=\"_blank\">Une nouvelle \u00e9tude met en lumi\u00e8re la violence envers les jeunes arbitres<\/a><\/em>&nbsp;[Article]. (In French)<\/p>\n\n\n\n<p>May 2, 2021<em><a rel=\"noreferrer noopener\" href=\"https:\/\/www.lesoleil.com\/sports\/une-nouvelle-etude-met-en-lumiere-la-violence-envers-les-jeunes-arbitres-du-quebec-ea15f8d8ef9c16886cd56ef3677f350d?utm_campaign=lesoleil&amp;utm_medium=article_share&amp;utm_source=email.\" target=\"_blank\">&nbsp;Une nouvelle \u00e9tude met en lumi\u00e8re la violence envers les jeunes arbitres du Qu\u00e9bec<\/a><\/em>&nbsp;[Article]. (In French)<\/p>\n\n\n\n<p>February 23, 2021.&nbsp;<a href=\"https:\/\/www.inspq.qc.ca\/securite-prevention-de-la-violence-et-des-traumatismes\/prevention-de-la-violence-interpersonnelle\/dossiers\/violence-interpersonnelle-chez-les-jeunes-en-contexte-sportif\" target=\"_blank\" rel=\"noreferrer noopener\">Interpersonal violence in a sport context.<\/a>&nbsp;[Article]. (In French)<\/p>\n\n\n\n<p>March 5, 2019.&nbsp;<a href=\"https:\/\/www.inspq.qc.ca\/intimidation\/jeunes\/intimidation-en-contexte-sportif\" target=\"_blank\" rel=\"noreferrer noopener\">Intimidation in a sport context.<\/a>&nbsp;[Article]. (In French)<\/p>\n<\/div>\n<div class=\"clearFix\"><\/div><\/div><\/section>\n","protected":false},"excerpt":{"rendered":"","protected":false},"author":27,"featured_media":0,"parent":566,"menu_order":0,"comment_status":"closed","ping_status":"closed","template":"page-secondaire-pleine-page.php","meta":{"_acf_changed":false,"footnotes":""},"class_list":["post-1717","page","type-page","status-publish","hentry"],"acf":[],"_links":{"self":[{"href":"https:\/\/www.equipe-sp.fse.ulaval.ca\/en\/wp-json\/wp\/v2\/pages\/1717","targetHints":{"allow":["GET"]}}],"collection":[{"href":"https:\/\/www.equipe-sp.fse.ulaval.ca\/en\/wp-json\/wp\/v2\/pages"}],"about":[{"href":"https:\/\/www.equipe-sp.fse.ulaval.ca\/en\/wp-json\/wp\/v2\/types\/page"}],"author":[{"embeddable":true,"href":"https:\/\/www.equipe-sp.fse.ulaval.ca\/en\/wp-json\/wp\/v2\/users\/27"}],"replies":[{"embeddable":true,"href":"https:\/\/www.equipe-sp.fse.ulaval.ca\/en\/wp-json\/wp\/v2\/comments?post=1717"}],"version-history":[{"count":1,"href":"https:\/\/www.equipe-sp.fse.ulaval.ca\/en\/wp-json\/wp\/v2\/pages\/1717\/revisions"}],"predecessor-version":[{"id":1718,"href":"https:\/\/www.equipe-sp.fse.ulaval.ca\/en\/wp-json\/wp\/v2\/pages\/1717\/revisions\/1718"}],"up":[{"embeddable":true,"href":"https:\/\/www.equipe-sp.fse.ulaval.ca\/en\/wp-json\/wp\/v2\/pages\/566"}],"wp:attachment":[{"href":"https:\/\/www.equipe-sp.fse.ulaval.ca\/en\/wp-json\/wp\/v2\/media?parent=1717"}],"curies":[{"name":"wp","href":"https:\/\/api.w.org\/{rel}","templated":true}]}}