{"id":1719,"date":"2024-06-06T15:13:27","date_gmt":"2024-06-06T19:13:27","guid":{"rendered":"https:\/\/www.equipe-sp.fse.ulaval.ca\/publications\/videos\/"},"modified":"2024-06-06T15:49:59","modified_gmt":"2024-06-06T19:49:59","slug":"videos","status":"publish","type":"page","link":"https:\/\/www.equipe-sp.fse.ulaval.ca\/en\/publications\/videos\/","title":{"rendered":"Video"},"content":{"rendered":"\n<section class=\"wp-block-csrtcommun-gutenberg-block-bloc-strate  strate bg-undefined\" aria-label=\"\"><div class=\"strate-contenu\">\n<div class=\"wp-block-csrtcommun-gutenberg-block-bloc-largeur-3-4 bloc-largeur-3-4__wrapper\">\n<p>Parent, S., Radziszewski, S., Fortier, J., &amp; St-Pierre, E. (2021). Rapport de recherche Exp\u00e9riences des jeunes officiel\u00b7les du Qu\u00e9bec (EJOQ) Phase 1. Pour la Direction de la s\u00e9curit\u00e9 dans le sport et le sport, minist\u00e8re de l\u2019\u00c9ducation et de l\u2019Enseignement sup\u00e9rieur. (In French Only)<\/p>\n\n\n\n<p><strong>4 caspules sont pr\u00e9sent\u00e9es:<\/strong><br \/>1) Les parents&nbsp;<a rel=\"noreferrer noopener\" href=\"https:\/\/youtu.be\/T0XYIoWkrZo\" target=\"_blank\">https:\/\/youtu.be\/T0XYIoWkrZo<\/a><br \/>2) Les entra\u00eeneur\u00b7es&nbsp;<a rel=\"noreferrer noopener\" href=\"https:\/\/youtu.be\/PewUOWVuwk0\" target=\"_blank\">https:\/\/youtu.be\/PewUOWVuwk0<\/a><br \/>3) Les athl\u00e8tes&nbsp;<a rel=\"noreferrer noopener\" href=\"https:\/\/youtu.be\/N3lvGMwMOnQ\" target=\"_blank\">https:\/\/youtu.be\/N3lvGMwMOnQ<\/a><br \/>4) Les officiel\u00b7les&nbsp;<a rel=\"noreferrer noopener\" href=\"https:\/\/youtu.be\/D5O-pzxc_Fg\" target=\"_blank\">https:\/\/youtu.be\/D5O-pzxc_Fg<\/a><\/p>\n<\/div>\n<div class=\"clearFix\"><\/div><\/div><\/section>\n","protected":false},"excerpt":{"rendered":"","protected":false},"author":27,"featured_media":0,"parent":566,"menu_order":0,"comment_status":"closed","ping_status":"closed","template":"page-secondaire-pleine-page.php","meta":{"_acf_changed":false,"footnotes":""},"class_list":["post-1719","page","type-page","status-publish","hentry"],"acf":[],"_links":{"self":[{"href":"https:\/\/www.equipe-sp.fse.ulaval.ca\/en\/wp-json\/wp\/v2\/pages\/1719","targetHints":{"allow":["GET"]}}],"collection":[{"href":"https:\/\/www.equipe-sp.fse.ulaval.ca\/en\/wp-json\/wp\/v2\/pages"}],"about":[{"href":"https:\/\/www.equipe-sp.fse.ulaval.ca\/en\/wp-json\/wp\/v2\/types\/page"}],"author":[{"embeddable":true,"href":"https:\/\/www.equipe-sp.fse.ulaval.ca\/en\/wp-json\/wp\/v2\/users\/27"}],"replies":[{"embeddable":true,"href":"https:\/\/www.equipe-sp.fse.ulaval.ca\/en\/wp-json\/wp\/v2\/comments?post=1719"}],"version-history":[{"count":1,"href":"https:\/\/www.equipe-sp.fse.ulaval.ca\/en\/wp-json\/wp\/v2\/pages\/1719\/revisions"}],"predecessor-version":[{"id":1720,"href":"https:\/\/www.equipe-sp.fse.ulaval.ca\/en\/wp-json\/wp\/v2\/pages\/1719\/revisions\/1720"}],"up":[{"embeddable":true,"href":"https:\/\/www.equipe-sp.fse.ulaval.ca\/en\/wp-json\/wp\/v2\/pages\/566"}],"wp:attachment":[{"href":"https:\/\/www.equipe-sp.fse.ulaval.ca\/en\/wp-json\/wp\/v2\/media?parent=1719"}],"curies":[{"name":"wp","href":"https:\/\/api.w.org\/{rel}","templated":true}]}}