{"id":583,"date":"2021-01-13T21:06:52","date_gmt":"2021-01-13T20:06:52","guid":{"rendered":"https:\/\/www.equipe-sp.fse.ulaval.ca\/?page_id=583"},"modified":"2022-11-02T12:57:02","modified_gmt":"2022-11-02T16:57:02","slug":"equipe","status":"publish","type":"page","link":"https:\/\/www.equipe-sp.fse.ulaval.ca\/en\/equipe\/","title":{"rendered":"Team"},"content":{"rendered":"\n<section class=\"wp-block-csrtcommun-gutenberg-block-bloc-strate  strate bg-undefined\"><div class=\"strate-contenu\">\n<h2 class=\"accent wp-block-heading\">Sylvie Parent, Ph.D.<\/h2>\n\n\n\n<div class=\"wp-block-columns is-layout-flex wp-container-core-columns-is-layout-9d6595d7 wp-block-columns-is-layout-flex\">\n<div class=\"wp-block-column is-layout-flow wp-block-column-is-layout-flow\" style=\"flex-basis:30%\">\n<figure class=\"wp-block-image size-large is-resized\"><img loading=\"lazy\" decoding=\"async\" src=\"https:\/\/www.equipe-sp.fse.ulaval.ca\/wp-content\/uploads\/sites\/16\/2021\/03\/Sylvie-Parent-1024x683.jpg\" alt=\"\" class=\"wp-image-487\" width=\"768\" height=\"512\" srcset=\"https:\/\/www.equipe-sp.fse.ulaval.ca\/wp-content\/uploads\/sites\/16\/2021\/03\/Sylvie-Parent-1024x683.jpg 1024w, https:\/\/www.equipe-sp.fse.ulaval.ca\/wp-content\/uploads\/sites\/16\/2021\/03\/Sylvie-Parent-300x200.jpg 300w, https:\/\/www.equipe-sp.fse.ulaval.ca\/wp-content\/uploads\/sites\/16\/2021\/03\/Sylvie-Parent-768x512.jpg 768w, https:\/\/www.equipe-sp.fse.ulaval.ca\/wp-content\/uploads\/sites\/16\/2021\/03\/Sylvie-Parent-1536x1024.jpg 1536w, https:\/\/www.equipe-sp.fse.ulaval.ca\/wp-content\/uploads\/sites\/16\/2021\/03\/Sylvie-Parent-2048x1365.jpg 2048w\" sizes=\"auto, (max-width: 768px) 100vw, 768px\" \/><\/figure>\n<\/div>\n\n\n\n<div class=\"wp-block-column is-vertically-aligned-top is-layout-flow wp-block-column-is-layout-flow\" style=\"flex-basis:70%\">\n<p class=\"has-text-align-left\">Sylvie Parent, PhD, is a Full Professor in the Department of Physical Education at Laval University. Her research focuses on violence in sports, whether sexual, psychological, physical or neglect. &nbsp;Specifically, her current work focuses on developping measuring tools in order to study the prevalence of violence and its associated risk factors, the impact of violence in sports on the physical and mental health of young participants, the violence experienced by young officials in the course of their duties, and the various contexts of athletes\u2019 victimization (university environment, sexual minorities). In addition to her involvement in research, Ms. Parent has been working, since 2004, with the government and sport community to combat violence against athletes. Among her most notable accomplishments, she co-founded Sport&#8217;Aide in 2014, an organization aimed at preventing violence in sport. In addition, she has been invited to sit on various ministerial committees to discuss the following issues : &nbsp;bullying, the establishment of an independent entity for handling complaints of violence in sport, the development of a ministerial statement on violence in sport, and the design of the Sportbienetre.ca platform. She is also a regular researcher at the Interdisciplinary Research Centre on Intimate Relationship Problems and Sexual Abuse (CRIPCAS), an associate researcher at the Applied interdisciplinary research on intimate, family and structural violence (RAIV) and a co-investigator at the International Research Network on Violence in Sport (IRNOVIS).<\/p>\n\n\n\n\n\n\n\n<h3 class=\"has-text-align-left wp-block-heading\">Awards &amp; honours<\/h3>\n\n\n\n<hr class=\"wp-block-separator has-alpha-channel-opacity\" \/>\n\n\n\n<p><strong>Distinction \u2013 Faculty of Educational Sciences<\/strong><br \/>To celebrate the <em>Women of Influence in Sport and Physical <\/em>Activity Award<br \/>Quebec City, 2018<\/p>\n\n\n\n<p><strong>Women of Influence in Sport and Physical Activity Award<\/strong><br \/><em>Innovation Division \u2013 Physical Activity Initiative<\/em><br \/>\u00c9gale Action<br \/>Montreal, 2017<\/p>\n\n\n\n<p><em><strong>Femmes de m\u00e9rite<\/strong><\/em><strong> Finalist<\/strong><br \/><strong>Category Sport<\/strong><br \/>YWCA of Quebec<br \/>Quebec, 2006<\/p>\n<\/div>\n<\/div>\n<div class=\"clearFix\"><\/div><\/div><\/section>\n\n\n\n<section class=\"wp-block-csrtcommun-gutenberg-block-bloc-strate  strate bg-gris-pale\"><div class=\"strate-contenu\">\n<h2 class=\"has-text-align-left accent wp-block-heading\">Students<\/h2>\n\n\n<section aria-label='Personnel' class='personnel-moteur-recherche__wrapper '><section aria-label='Liste' class=\"personnel_bloc__wrapper\">\r\n\t\t\t\t<div aria-live='polite' id='personnel_bloc__liste-7594' class='personnel_bloc__liste detaille' data-category='personnel' data-categorie-personnel='' data-categories-personnel='34' data-detail='detaille' data-affiche-image='1' data-affiche-popup='' data-lang='en'><article class=\"detaille avec-image\">\r\n\t\t\t\t<div><div class=\"image\"><img decoding=\"async\" src=\"https:\/\/www.equipe-sp.fse.ulaval.ca\/wp-content\/uploads\/sites\/16\/2021\/04\/Allyson-Gillard_format-carre-e1648475046496.jpg\" alt=\"\"\\\/><\/div><div class=\"detail\">\r\n\t\t\t\t\t\t<div class='detail-coordonnees'>\r\n\t\t\t\t\t\t\t<div class=\"prenom-nom\">Allyson Gillard<\/div><div class=\"description\">Allyson Gillard holds a Bachelor&#8217;s degree in Psychology from Laval University. She is currently a doctoral student in educational psychology at the same university under the supervision of Sylvie Parent and Marie-Pier Vaillancourt-Morel. She is interested in the factors associated with sexual violence in sport. Allyson is currently the coordinator of the Quebec Athletes&#8217; Experiences Study.<\/div><\/div>\r\n\t\t\t\t\t\t  <div class='liens'><\/div><\/div>\r\n\t\t\t\t<\/div>\r\n\t\t\t<\/article><article class=\"detaille avec-image\">\r\n\t\t\t\t<div><div class=\"image\"><img decoding=\"async\" src=\"https:\/\/www.equipe-sp.fse.ulaval.ca\/wp-content\/uploads\/sites\/16\/2022\/03\/Jessica-1.png\" alt=\"\"\\\/><\/div><div class=\"detail\">\r\n\t\t\t\t\t\t<div class='detail-coordonnees'>\r\n\t\t\t\t\t\t\t<div class=\"prenom-nom\">Jessica Mapolin-Gilbert<\/div><div class=\"description\">Jessica Mapolin-Gilbert graduated in clinical psychology at Paul-Val\u00e9ry University in France and then at the University of Quebec in Trois-Rivi\u00e8res. She is currently pursuing a master\u2019s degree in sexology profile research-intervention specialized in \u201cSexuality Education and Promotion of Sexual Health\u201d at the University of Quebec in Montreal. She hopes to improve her expertise in the development of empowerment tools for coaches regarding sexual violence in sport and in the prevention of this situation. Her master\u2019s thesis studies the coach-athlete relationship, in a context of sexual violence, in athletics among the Caribbean population.<\/div><\/div>\r\n\t\t\t\t\t\t  <div class='liens'><\/div><\/div>\r\n\t\t\t\t<\/div>\r\n\t\t\t<\/article><article class=\"detaille avec-image\">\r\n\t\t\t\t<div><div class=\"image\"><img decoding=\"async\" src=\"https:\/\/www.equipe-sp.fse.ulaval.ca\/wp-content\/uploads\/sites\/16\/2022\/01\/Prince_Alexanne-scaled.jpg\" alt=\"Photo d'Alexanne Prince\"\\\/><\/div><div class=\"detail\">\r\n\t\t\t\t\t\t<div class='detail-coordonnees'>\r\n\t\t\t\t\t\t\t<div class=\"prenom-nom\">Alexanne Prince<\/div><div class=\"description\">Candidate for the master\u2019s degree in sexology, recherche-intervention profile at UQAM. Alexanne is working on the creation of programs for sexuality education of adolescents and youth workers and is responsible for scientific monitoring and social media for the SIMS Chair. She wishes to develop expertise in the prevention of sexual violence in sports and youth recreation. Her master&#8217;s thesis is about the analysis of the training needs of managers of Quebec sports federations in the prevention of sexual violence against minor athletes.<\/div><\/div>\r\n\t\t\t\t\t\t  <div class='liens'><\/div><\/div>\r\n\t\t\t\t<\/div>\r\n\t\t\t<\/article><article class=\"detaille avec-image\">\r\n\t\t\t\t<div><div class=\"image\"><img decoding=\"async\" src=\"https:\/\/www.equipe-sp.fse.ulaval.ca\/wp-content\/uploads\/sites\/16\/2022\/03\/275731255_429681982258052_4199661903495450789_n-e1648475838417.jpg\" alt=\"William\"\\\/><\/div><div class=\"detail\">\r\n\t\t\t\t\t\t<div class='detail-coordonnees'>\r\n\t\t\t\t\t\t\t<div class=\"prenom-nom\">William Simard<\/div><div class=\"description\">William Simard graduated with a B.A. in sports intervention from Laval University. He is currently pursuing a master\u2019s degree in physical education at this same university. Along with his research director Andrea Woodburn and co-director Sylvie Parent, he is undertaking research related to the training of coaches on prevention of abuse of athletes. In addition to serving as a student researcher for the SIMS Chair, he is a certified coach (PNCE) for the\u00a0Rouge et Or\u00a0Badminton.\u00a0<\/div><\/div>\r\n\t\t\t\t\t\t  <div class='liens'><\/div><\/div>\r\n\t\t\t\t<\/div>\r\n\t\t\t<\/article><\/div><\/section><\/section><div class=\"clearFix\"><\/div><\/div><\/section>\n\n\n\n<section class=\"wp-block-csrtcommun-gutenberg-block-bloc-strate  strate bg-undefined\"><div class=\"strate-contenu\">\n<h2 class=\"accent wp-block-heading\">Research professional<\/h2>\n\n\n<section aria-label='Personnel' class='personnel-moteur-recherche__wrapper '><section aria-label='Liste' class=\"personnel_bloc__wrapper\">\r\n\t\t\t\t<div aria-live='polite' id='personnel_bloc__liste-7332' class='personnel_bloc__liste detaille' data-category='personnel' data-categorie-personnel='' data-categories-personnel='36' data-detail='detaille' data-affiche-image='1' data-affiche-popup='' data-lang='en'><article class=\"detaille avec-image\">\r\n\t\t\t\t<div><div class=\"image\"><img decoding=\"async\" src=\"https:\/\/www.equipe-sp.fse.ulaval.ca\/wp-content\/uploads\/sites\/16\/2021\/10\/Stephanie_Radziszewski.jpg\" alt=\"St\u00e9pahnie Radziszewski\"\\\/><\/div><div class=\"detail\">\r\n\t\t\t\t\t\t<div class='detail-coordonnees'>\r\n\t\t\t\t\t\t\t<div class=\"prenom-nom\">Stephanie Radziszweski<\/div><div class=\"description\">Stephanie Radziszewski holds a PhD in Community Psychology from the Universit\u00e9 du Qu\u00e9bec \u00e0 Montr\u00e9al. She is currently working as a research professional for the Research Chair in Safety and Integrity in Sport at Universit\u00e9 Laval. In the coming months, she will begin a post-doctoral research project under the supervision of Sylvie Parent to conduct an evaluation of the implementation of the Je porte plainte mechanism in collaboration with the Regroupement Loisir et Sport du Qu\u00e9bec. Stephanie&#8217;s research interests focus on issues of power, including the impact of the social structures on such issues and the prevention of their potential consequences. She is also interested in qualitative methods, participatory action research and program evalu<\/div><\/div>\r\n\t\t\t\t\t\t  <div class='liens'><div class='bouton-plus__wrapper'><a class=\"bouton-plus\" href='https:\/\/www.equipe-sp.fse.ulaval.ca\/en\/personnel\/stephanie-radziszweski-2\/' title='Stephanie Radziszweski'>Stephanie Radziszweski<\/a><\/div><\/div><\/div>\r\n\t\t\t\t<\/div>\r\n\t\t\t<\/article><\/div><\/section><\/section><div class=\"clearFix\"><\/div><\/div><\/section>\n","protected":false},"excerpt":{"rendered":"","protected":false},"author":4,"featured_media":0,"parent":0,"menu_order":0,"comment_status":"closed","ping_status":"closed","template":"page-titre.php","meta":{"_acf_changed":false,"footnotes":""},"class_list":["post-583","page","type-page","status-publish","hentry"],"acf":[],"_links":{"self":[{"href":"https:\/\/www.equipe-sp.fse.ulaval.ca\/en\/wp-json\/wp\/v2\/pages\/583","targetHints":{"allow":["GET"]}}],"collection":[{"href":"https:\/\/www.equipe-sp.fse.ulaval.ca\/en\/wp-json\/wp\/v2\/pages"}],"about":[{"href":"https:\/\/www.equipe-sp.fse.ulaval.ca\/en\/wp-json\/wp\/v2\/types\/page"}],"author":[{"embeddable":true,"href":"https:\/\/www.equipe-sp.fse.ulaval.ca\/en\/wp-json\/wp\/v2\/users\/4"}],"replies":[{"embeddable":true,"href":"https:\/\/www.equipe-sp.fse.ulaval.ca\/en\/wp-json\/wp\/v2\/comments?post=583"}],"version-history":[{"count":68,"href":"https:\/\/www.equipe-sp.fse.ulaval.ca\/en\/wp-json\/wp\/v2\/pages\/583\/revisions"}],"predecessor-version":[{"id":1486,"href":"https:\/\/www.equipe-sp.fse.ulaval.ca\/en\/wp-json\/wp\/v2\/pages\/583\/revisions\/1486"}],"wp:attachment":[{"href":"https:\/\/www.equipe-sp.fse.ulaval.ca\/en\/wp-json\/wp\/v2\/media?parent=583"}],"curies":[{"name":"wp","href":"https:\/\/api.w.org\/{rel}","templated":true}]}}