{"id":587,"date":"2021-03-26T13:45:25","date_gmt":"2021-03-26T17:45:25","guid":{"rendered":"https:\/\/www.equipe-sp.fse.ulaval.ca\/?page_id=587"},"modified":"2022-11-23T12:34:46","modified_gmt":"2022-11-23T17:34:46","slug":"join-us","status":"publish","type":"page","link":"https:\/\/www.equipe-sp.fse.ulaval.ca\/en\/join-us\/","title":{"rendered":"Join Us"},"content":{"rendered":"\n<section class=\"wp-block-csrtcommun-gutenberg-block-bloc-strate  strate bg-undefined\" aria-label=\"\"><div class=\"strate-contenu\">\n<h2 class=\"wp-block-heading\">Sylvie Parent&#8217;s research team<\/h2>\n\n\n\n<div class=\"wp-block-csrtcommun-gutenberg-block-bloc-nous-joindre bloc-nous-joindre__wrapper\"><div class=\"bloc-col-gauche__wrapper\"><div class=\"titre\">Sylvie Parent, Ph.D.<\/div><div class=\"adresse\">Pavillon de l&#8217;\u00c9ducation physique et des sports, local 2206<br \/>2300, rue de la Terrasse<br \/>Qu\u00e9bec (Qu\u00e9bec)\u00a0\u00a0G1V 0A6<\/div><div class=\"telephone\"><a href=\"tel:418 656-2131 ;407386\" aria-label=\"Num\u00e9ro de t\u00e9l\u00e9phone : 4 1 8 6 5 6 2 1 3 1 poste 4 0 7 3 8 6\"><span aria-hidden=\"true\">418 656-2131 #407386<\/span><\/a><\/div><div class=\"courriel\"><a href=\"mailto:Sylvie.Parent@fse.ulaval.ca\" aria-label=\"Adresse courriel Sylvie.Parent@fse.ulaval.ca\">Sylvie.Parent@fse.ulaval.ca<\/a><\/div><\/div><div class=\"bloc-col-droite__wrapper\"><div><\/div><\/div><\/div>\n<div class=\"clearFix\"><\/div><\/div><\/section>\n","protected":false},"excerpt":{"rendered":"","protected":false},"author":34,"featured_media":0,"parent":0,"menu_order":0,"comment_status":"closed","ping_status":"closed","template":"page-titre.php","meta":{"_acf_changed":false,"footnotes":""},"class_list":["post-587","page","type-page","status-publish","hentry"],"acf":[],"_links":{"self":[{"href":"https:\/\/www.equipe-sp.fse.ulaval.ca\/en\/wp-json\/wp\/v2\/pages\/587","targetHints":{"allow":["GET"]}}],"collection":[{"href":"https:\/\/www.equipe-sp.fse.ulaval.ca\/en\/wp-json\/wp\/v2\/pages"}],"about":[{"href":"https:\/\/www.equipe-sp.fse.ulaval.ca\/en\/wp-json\/wp\/v2\/types\/page"}],"author":[{"embeddable":true,"href":"https:\/\/www.equipe-sp.fse.ulaval.ca\/en\/wp-json\/wp\/v2\/users\/34"}],"replies":[{"embeddable":true,"href":"https:\/\/www.equipe-sp.fse.ulaval.ca\/en\/wp-json\/wp\/v2\/comments?post=587"}],"version-history":[{"count":7,"href":"https:\/\/www.equipe-sp.fse.ulaval.ca\/en\/wp-json\/wp\/v2\/pages\/587\/revisions"}],"predecessor-version":[{"id":1530,"href":"https:\/\/www.equipe-sp.fse.ulaval.ca\/en\/wp-json\/wp\/v2\/pages\/587\/revisions\/1530"}],"wp:attachment":[{"href":"https:\/\/www.equipe-sp.fse.ulaval.ca\/en\/wp-json\/wp\/v2\/media?parent=587"}],"curies":[{"name":"wp","href":"https:\/\/api.w.org\/{rel}","templated":true}]}}